{"id":962,"date":"2025-09-20T22:53:20","date_gmt":"2025-09-20T20:53:20","guid":{"rendered":"https:\/\/urbanartlablleida.com\/tattoo-box\/"},"modified":"2025-09-28T19:42:11","modified_gmt":"2025-09-28T17:42:11","slug":"tattoo-box","status":"publish","type":"page","link":"https:\/\/urbanartlablleida.com\/ca\/tattoo-box\/","title":{"rendered":"Tattoo Box"},"content":{"rendered":"<div class=\"wpb-content-wrapper\"><p>[vc_row css_animation=&#8221;&#8221; row_type=&#8221;row&#8221; use_row_as_full_screen_section=&#8221;no&#8221; type=&#8221;full_width&#8221; angled_section=&#8221;no&#8221; text_align=&#8221;center&#8221; background_image_as_pattern=&#8221;without_pattern&#8221; z_index=&#8221;&#8221; side_padding=&#8221;3&#8243;][vc_column][vc_empty_space height=&#8221;50px&#8221;][vc_row_inner row_type=&#8221;row&#8221; type=&#8221;full_width&#8221; text_align=&#8221;left&#8221; css_animation=&#8221;&#8221;][vc_column_inner][vc_column_text css=&#8221;&#8221;]<\/p>\n<h1 style=\"text-align: center;\">A Tattoo Box oferim una experi\u00e8ncia de tatuatge cuidada, propera i personalitzada.<\/h1>\n<p>&nbsp;<\/p>\n<h2 style=\"text-align: center;\">El seu estil \u00e9s vers\u00e0til i detallat, adaptat a cada hist\u00f2ria.<\/h2>\n<h2 style=\"text-align: center;\">M\u00e9s que un tatuatge, una col\u00b7laboraci\u00f3 entre art i significat.<\/h2>\n<p>[\/vc_column_text][vc_empty_space height=&#8221;50px&#8221;][\/vc_column_inner][\/vc_row_inner][\/vc_column][\/vc_row][vc_row css_animation=&#8221;&#8221; row_type=&#8221;row&#8221; use_row_as_full_screen_section=&#8221;no&#8221; type=&#8221;full_width&#8221; angled_section=&#8221;no&#8221; text_align=&#8221;center&#8221; background_image_as_pattern=&#8221;without_pattern&#8221; z_index=&#8221;&#8221; side_padding=&#8221;2&#8243; css=&#8221;.vc_custom_1758305445562{background-color: #FFFFFF !important;}&#8221;][vc_column width=&#8221;1\/3&#8243;][vc_empty_space][vc_single_image image=&#8221;956&#8243; img_size=&#8221;400&#215;600&#8243; alignment=&#8221;center&#8221; css=&#8221;&#8221; qode_css_animation=&#8221;&#8221; el_class=&#8221;.servici-box&#8221;][vc_empty_space height=&#8221;12px&#8221;][vc_column_text css=&#8221;&#8221;]<\/p>\n<div class=\"image_with_text\">\n<h2 class=\"image_with_text_title\" style=\"text-align: center;\">Arranjaments de tatuatges<\/h2>\n<p>&nbsp;<\/p>\n<\/div>\n<h4 style=\"text-align: center;\"> Retoquem o redissenyem treballs previs per donar-los nova vida.<\/h4>\n<div class=\"vc_empty_space\"><\/div>\n<p>[\/vc_column_text][vc_empty_space][\/vc_column][vc_column width=&#8221;1\/3&#8243;][vc_empty_space][vc_single_image image=&#8221;957&#8243; img_size=&#8221;400&#215;500&#8243; alignment=&#8221;center&#8221; css=&#8221;&#8221; qode_css_animation=&#8221;&#8221; el_class=&#8221;.servici-box&#8221;][vc_empty_space height=&#8221;12px&#8221;][vc_column_text css=&#8221;&#8221;]<\/p>\n<div class=\"image_with_text\">\n<h2 class=\"image_with_text_title\" style=\"text-align: center;\">Cover amb tattoo<\/h2>\n<p>&nbsp;<\/p>\n<\/div>\n<h4 style=\"text-align: center;\">Cobrim tatuatges antics amb noves peces que realment et representin<\/h4>\n<div class=\"vc_empty_space\"><\/div>\n<p>[\/vc_column_text][vc_empty_space][\/vc_column][vc_column width=&#8221;1\/3&#8243;][vc_empty_space][vc_single_image image=&#8221;958&#8243; img_size=&#8221;400&#215;400&#8243; alignment=&#8221;center&#8221; css=&#8221;&#8221; qode_css_animation=&#8221;&#8221; el_class=&#8221;.servici-box&#8221;][vc_empty_space height=&#8221;12px&#8221;][vc_column_text css=&#8221;&#8221;]<\/p>\n<div class=\"image_with_text\">\n<h2 class=\"image_with_text_title\" style=\"text-align: center;\">Dissenys personalitzats<\/h2>\n<\/div>\n<p>&nbsp;<\/p>\n<h4 style=\"text-align: center;\">Tatuatges creats a mida, adaptats al teu estil i personalitat.<\/h4>\n<div class=\"vc_empty_space\"><\/div>\n<p>[\/vc_column_text][vc_empty_space][\/vc_column][\/vc_row][vc_row css_animation=&#8221;&#8221; row_type=&#8221;row&#8221; use_row_as_full_screen_section=&#8221;no&#8221; type=&#8221;full_width&#8221; angled_section=&#8221;no&#8221; text_align=&#8221;center&#8221; background_image_as_pattern=&#8221;without_pattern&#8221; z_index=&#8221;&#8221; side_padding=&#8221;2&#8243; css=&#8221;.vc_custom_1758230442815{background-color: #FFFFFF !important;}&#8221;][vc_column width=&#8221;1\/3&#8243;][vc_empty_space][vc_single_image image=&#8221;959&#8243; img_size=&#8221;400&#215;500&#8243; alignment=&#8221;center&#8221; css=&#8221;&#8221; qode_css_animation=&#8221;&#8221; el_class=&#8221;.servici-box&#8221;][vc_empty_space height=&#8221;12px&#8221;][vc_column_text css=&#8221;&#8221;]<\/p>\n<div class=\"image_with_text\">\n<h2 class=\"image_with_text_title\" style=\"text-align: center;\">Dissenys a m\u00e0 al\u00e7ada<\/h2>\n<\/div>\n<p>&nbsp;<\/p>\n<h4 style=\"text-align: center;\">Tatuatges \u00fanics dibuixats directament sobre la teva pell, adaptats al teu cos i estil.<\/h4>\n<div class=\"vc_empty_space\"><\/div>\n<p>[\/vc_column_text][vc_empty_space][\/vc_column][vc_column width=&#8221;1\/3&#8243;][vc_empty_space][vc_single_image image=&#8221;960&#8243; img_size=&#8221;400&#215;500&#8243; alignment=&#8221;center&#8221; css=&#8221;&#8221; qode_css_animation=&#8221;&#8221; el_class=&#8221;.servici-box&#8221;][vc_empty_space height=&#8221;12px&#8221;][vc_column_text css=&#8221;&#8221;]<\/p>\n<div class=\"image_with_text\">\n<h2 class=\"image_with_text_title\" style=\"text-align: center;\">Mini tattoos<\/h2>\n<\/div>\n<p>&nbsp;<\/p>\n<h4 style=\"text-align: center;\">Petits, delicats i plens de significat. Perfectes pel teu primer tatuatge o un detall especial. <\/h4>\n<div class=\"vc_empty_space\"><\/div>\n<p>[\/vc_column_text][vc_empty_space][\/vc_column][vc_column width=&#8221;1\/3&#8243;][vc_empty_space][vc_single_image image=&#8221;961&#8243; img_size=&#8221;400&#215;500&#8243; alignment=&#8221;center&#8221; css=&#8221;&#8221; qode_css_animation=&#8221;&#8221; el_class=&#8221;.servici-box&#8221;][vc_empty_space height=&#8221;12px&#8221;][vc_column_text css=&#8221;&#8221;]<\/p>\n<div class=\"image_with_text\">\n<h2 class=\"image_with_text_title\" style=\"text-align: center;\">Tattoos en grup<\/h2>\n<\/div>\n<p>&nbsp;<\/p>\n<h4 style=\"text-align: center;\">Viu l&#8217;experi\u00e8ncia de tatuar-te amb amics, parella o fam\u00edlia amb dissenys compartits o complementaris.<\/h4>\n<div class=\"vc_empty_space\"><\/div>\n<p>[\/vc_column_text][vc_empty_space][\/vc_column][\/vc_row][vc_row css_animation=&#8221;&#8221; row_type=&#8221;row&#8221; use_row_as_full_screen_section=&#8221;no&#8221; type=&#8221;full_width&#8221; angled_section=&#8221;no&#8221; text_align=&#8221;center&#8221; background_image_as_pattern=&#8221;without_pattern&#8221; z_index=&#8221;&#8221; side_padding=&#8221;4&#8243;][vc_column][vc_empty_space height=&#8221;55px&#8221;][vc_column_text css=&#8221;&#8221;]<\/p>\n<h4 style=\"text-align: center;\">El nostre <strong> Tattoo Box<\/strong> \u00e9s m\u00e9s que una cabina: \u00e9s un lloc on la creativitat i la professionalitat s&#8217;uneixen perqu\u00e8 cada <strong>tatuatge<\/strong> sigui una experi\u00e8ncia \u00fanica.<\/h4>\n<p>[\/vc_column_text][vc_empty_space height=&#8221;55px&#8221;][\/vc_column][\/vc_row]<\/p>\n<\/div>","protected":false},"excerpt":{"rendered":"<p>[vc_row css_animation=&#8221;&#8221; row_type=&#8221;row&#8221; use_row_as_full_screen_section=&#8221;no&#8221; type=&#8221;full_width&#8221; angled_section=&#8221;no&#8221; text_align=&#8221;center&#8221; background_image_as_pattern=&#8221;without_pattern&#8221; z_index=&#8221;&#8221; side_padding=&#8221;3&#8243;][vc_column][vc_empty_space height=&#8221;50px&#8221;][vc_row_inner row_type=&#8221;row&#8221; type=&#8221;full_width&#8221; text_align=&#8221;left&#8221; css_animation=&#8221;&#8221;][vc_column_inner][vc_column_text css=&#8221;&#8221;] A Tattoo Box oferim una experi\u00e8ncia de tatuatge cuidada, propera i personalitzada. &nbsp; El seu estil \u00e9s vers\u00e0til i detallat, adaptat a cada hist\u00f2ria. M\u00e9s que un tatuatge, una&#8230;<\/p>\n","protected":false},"author":1,"featured_media":867,"parent":0,"menu_order":0,"comment_status":"closed","ping_status":"closed","template":"full_width.php","meta":{"footnotes":""},"class_list":["post-962","page","type-page","status-publish","has-post-thumbnail","hentry"],"yoast_head":"<!-- This site is optimized with the Yoast SEO plugin v27.3 - https:\/\/yoast.com\/product\/yoast-seo-wordpress\/ -->\n<title>Tattoo Box - Urban Art Lab Lleida<\/title>\n<meta name=\"robots\" content=\"index, follow, max-snippet:-1, max-image-preview:large, max-video-preview:-1\" \/>\n<link rel=\"canonical\" href=\"https:\/\/urbanartlablleida.com\/ca\/tattoo-box\/\" \/>\n<meta property=\"og:locale\" content=\"ca_ES\" \/>\n<meta property=\"og:type\" content=\"article\" \/>\n<meta property=\"og:title\" content=\"Tattoo Box - Urban Art Lab Lleida\" \/>\n<meta property=\"og:description\" content=\"[vc_row css_animation=&#8221;&#8221; row_type=&#8221;row&#8221; use_row_as_full_screen_section=&#8221;no&#8221; type=&#8221;full_width&#8221; angled_section=&#8221;no&#8221; text_align=&#8221;center&#8221; background_image_as_pattern=&#8221;without_pattern&#8221; z_index=&#8221;&#8221; side_padding=&#8221;3&#8243;][vc_column][vc_empty_space height=&#8221;50px&#8221;][vc_row_inner row_type=&#8221;row&#8221; type=&#8221;full_width&#8221; text_align=&#8221;left&#8221; css_animation=&#8221;&#8221;][vc_column_inner][vc_column_text css=&#8221;&#8221;] A Tattoo Box oferim una experi\u00e8ncia de tatuatge cuidada, propera i personalitzada. &nbsp; El seu estil \u00e9s vers\u00e0til i detallat, adaptat a cada hist\u00f2ria. M\u00e9s que un tatuatge, una...\" \/>\n<meta property=\"og:url\" content=\"https:\/\/urbanartlablleida.com\/ca\/tattoo-box\/\" \/>\n<meta property=\"og:site_name\" content=\"Urban Art Lab Lleida\" \/>\n<meta property=\"article:modified_time\" content=\"2025-09-28T17:42:11+00:00\" \/>\n<meta property=\"og:image\" content=\"https:\/\/urbanartlablleida.com\/wp-content\/uploads\/2025\/09\/urban-art-lab-tattoo.webp\" \/>\n\t<meta property=\"og:image:width\" content=\"961\" \/>\n\t<meta property=\"og:image:height\" content=\"731\" \/>\n\t<meta property=\"og:image:type\" content=\"image\/webp\" \/>\n<meta name=\"twitter:card\" content=\"summary_large_image\" \/>\n<meta name=\"twitter:label1\" content=\"Temps estimat de lectura\" \/>\n\t<meta name=\"twitter:data1\" content=\"3 minuts\" \/>\n<script type=\"application\/ld+json\" class=\"yoast-schema-graph\">{\"@context\":\"https:\\\/\\\/schema.org\",\"@graph\":[{\"@type\":\"WebPage\",\"@id\":\"https:\\\/\\\/urbanartlablleida.com\\\/ca\\\/tattoo-box\\\/\",\"url\":\"https:\\\/\\\/urbanartlablleida.com\\\/ca\\\/tattoo-box\\\/\",\"name\":\"Tattoo Box - Urban Art Lab Lleida\",\"isPartOf\":{\"@id\":\"https:\\\/\\\/urbanartlablleida.com\\\/ca\\\/#website\"},\"primaryImageOfPage\":{\"@id\":\"https:\\\/\\\/urbanartlablleida.com\\\/ca\\\/tattoo-box\\\/#primaryimage\"},\"image\":{\"@id\":\"https:\\\/\\\/urbanartlablleida.com\\\/ca\\\/tattoo-box\\\/#primaryimage\"},\"thumbnailUrl\":\"https:\\\/\\\/urbanartlablleida.com\\\/wp-content\\\/uploads\\\/2025\\\/09\\\/urban-art-lab-tattoo.webp\",\"datePublished\":\"2025-09-20T20:53:20+00:00\",\"dateModified\":\"2025-09-28T17:42:11+00:00\",\"breadcrumb\":{\"@id\":\"https:\\\/\\\/urbanartlablleida.com\\\/ca\\\/tattoo-box\\\/#breadcrumb\"},\"inLanguage\":\"ca\",\"potentialAction\":[{\"@type\":\"ReadAction\",\"target\":[\"https:\\\/\\\/urbanartlablleida.com\\\/ca\\\/tattoo-box\\\/\"]}]},{\"@type\":\"ImageObject\",\"inLanguage\":\"ca\",\"@id\":\"https:\\\/\\\/urbanartlablleida.com\\\/ca\\\/tattoo-box\\\/#primaryimage\",\"url\":\"https:\\\/\\\/urbanartlablleida.com\\\/wp-content\\\/uploads\\\/2025\\\/09\\\/urban-art-lab-tattoo.webp\",\"contentUrl\":\"https:\\\/\\\/urbanartlablleida.com\\\/wp-content\\\/uploads\\\/2025\\\/09\\\/urban-art-lab-tattoo.webp\",\"width\":961,\"height\":731,\"caption\":\"urban art lab tattoo\"},{\"@type\":\"BreadcrumbList\",\"@id\":\"https:\\\/\\\/urbanartlablleida.com\\\/ca\\\/tattoo-box\\\/#breadcrumb\",\"itemListElement\":[{\"@type\":\"ListItem\",\"position\":1,\"name\":\"Portada\",\"item\":\"https:\\\/\\\/urbanartlablleida.com\\\/ca\\\/barberia-beauty-box-i-tatuatges\\\/\"},{\"@type\":\"ListItem\",\"position\":2,\"name\":\"Tattoo Box\"}]},{\"@type\":\"WebSite\",\"@id\":\"https:\\\/\\\/urbanartlablleida.com\\\/ca\\\/#website\",\"url\":\"https:\\\/\\\/urbanartlablleida.com\\\/ca\\\/\",\"name\":\"Urban Art Lab Lleida\",\"description\":\"Urban Art Lab \u00e9s Barber\u00eda, Beauty Box y Tatuajes en L\u00e9rida. Estilo, cuidado y arte en un solo lugar.\",\"potentialAction\":[{\"@type\":\"SearchAction\",\"target\":{\"@type\":\"EntryPoint\",\"urlTemplate\":\"https:\\\/\\\/urbanartlablleida.com\\\/ca\\\/?s={search_term_string}\"},\"query-input\":{\"@type\":\"PropertyValueSpecification\",\"valueRequired\":true,\"valueName\":\"search_term_string\"}}],\"inLanguage\":\"ca\"}]}<\/script>\n<!-- \/ Yoast SEO plugin. -->","yoast_head_json":{"title":"Tattoo Box - Urban Art Lab Lleida","robots":{"index":"index","follow":"follow","max-snippet":"max-snippet:-1","max-image-preview":"max-image-preview:large","max-video-preview":"max-video-preview:-1"},"canonical":"https:\/\/urbanartlablleida.com\/ca\/tattoo-box\/","og_locale":"ca_ES","og_type":"article","og_title":"Tattoo Box - Urban Art Lab Lleida","og_description":"[vc_row css_animation=&#8221;&#8221; row_type=&#8221;row&#8221; use_row_as_full_screen_section=&#8221;no&#8221; type=&#8221;full_width&#8221; angled_section=&#8221;no&#8221; text_align=&#8221;center&#8221; background_image_as_pattern=&#8221;without_pattern&#8221; z_index=&#8221;&#8221; side_padding=&#8221;3&#8243;][vc_column][vc_empty_space height=&#8221;50px&#8221;][vc_row_inner row_type=&#8221;row&#8221; type=&#8221;full_width&#8221; text_align=&#8221;left&#8221; css_animation=&#8221;&#8221;][vc_column_inner][vc_column_text css=&#8221;&#8221;] A Tattoo Box oferim una experi\u00e8ncia de tatuatge cuidada, propera i personalitzada. &nbsp; El seu estil \u00e9s vers\u00e0til i detallat, adaptat a cada hist\u00f2ria. M\u00e9s que un tatuatge, una...","og_url":"https:\/\/urbanartlablleida.com\/ca\/tattoo-box\/","og_site_name":"Urban Art Lab Lleida","article_modified_time":"2025-09-28T17:42:11+00:00","og_image":[{"width":961,"height":731,"url":"https:\/\/urbanartlablleida.com\/wp-content\/uploads\/2025\/09\/urban-art-lab-tattoo.webp","type":"image\/webp"}],"twitter_card":"summary_large_image","twitter_misc":{"Temps estimat de lectura":"3 minuts"},"schema":{"@context":"https:\/\/schema.org","@graph":[{"@type":"WebPage","@id":"https:\/\/urbanartlablleida.com\/ca\/tattoo-box\/","url":"https:\/\/urbanartlablleida.com\/ca\/tattoo-box\/","name":"Tattoo Box - Urban Art Lab Lleida","isPartOf":{"@id":"https:\/\/urbanartlablleida.com\/ca\/#website"},"primaryImageOfPage":{"@id":"https:\/\/urbanartlablleida.com\/ca\/tattoo-box\/#primaryimage"},"image":{"@id":"https:\/\/urbanartlablleida.com\/ca\/tattoo-box\/#primaryimage"},"thumbnailUrl":"https:\/\/urbanartlablleida.com\/wp-content\/uploads\/2025\/09\/urban-art-lab-tattoo.webp","datePublished":"2025-09-20T20:53:20+00:00","dateModified":"2025-09-28T17:42:11+00:00","breadcrumb":{"@id":"https:\/\/urbanartlablleida.com\/ca\/tattoo-box\/#breadcrumb"},"inLanguage":"ca","potentialAction":[{"@type":"ReadAction","target":["https:\/\/urbanartlablleida.com\/ca\/tattoo-box\/"]}]},{"@type":"ImageObject","inLanguage":"ca","@id":"https:\/\/urbanartlablleida.com\/ca\/tattoo-box\/#primaryimage","url":"https:\/\/urbanartlablleida.com\/wp-content\/uploads\/2025\/09\/urban-art-lab-tattoo.webp","contentUrl":"https:\/\/urbanartlablleida.com\/wp-content\/uploads\/2025\/09\/urban-art-lab-tattoo.webp","width":961,"height":731,"caption":"urban art lab tattoo"},{"@type":"BreadcrumbList","@id":"https:\/\/urbanartlablleida.com\/ca\/tattoo-box\/#breadcrumb","itemListElement":[{"@type":"ListItem","position":1,"name":"Portada","item":"https:\/\/urbanartlablleida.com\/ca\/barberia-beauty-box-i-tatuatges\/"},{"@type":"ListItem","position":2,"name":"Tattoo Box"}]},{"@type":"WebSite","@id":"https:\/\/urbanartlablleida.com\/ca\/#website","url":"https:\/\/urbanartlablleida.com\/ca\/","name":"Urban Art Lab Lleida","description":"Urban Art Lab \u00e9s Barber\u00eda, Beauty Box y Tatuajes en L\u00e9rida. Estilo, cuidado y arte en un solo lugar.","potentialAction":[{"@type":"SearchAction","target":{"@type":"EntryPoint","urlTemplate":"https:\/\/urbanartlablleida.com\/ca\/?s={search_term_string}"},"query-input":{"@type":"PropertyValueSpecification","valueRequired":true,"valueName":"search_term_string"}}],"inLanguage":"ca"}]}},"_links":{"self":[{"href":"https:\/\/urbanartlablleida.com\/ca\/wp-json\/wp\/v2\/pages\/962","targetHints":{"allow":["GET"]}}],"collection":[{"href":"https:\/\/urbanartlablleida.com\/ca\/wp-json\/wp\/v2\/pages"}],"about":[{"href":"https:\/\/urbanartlablleida.com\/ca\/wp-json\/wp\/v2\/types\/page"}],"author":[{"embeddable":true,"href":"https:\/\/urbanartlablleida.com\/ca\/wp-json\/wp\/v2\/users\/1"}],"replies":[{"embeddable":true,"href":"https:\/\/urbanartlablleida.com\/ca\/wp-json\/wp\/v2\/comments?post=962"}],"version-history":[{"count":5,"href":"https:\/\/urbanartlablleida.com\/ca\/wp-json\/wp\/v2\/pages\/962\/revisions"}],"predecessor-version":[{"id":968,"href":"https:\/\/urbanartlablleida.com\/ca\/wp-json\/wp\/v2\/pages\/962\/revisions\/968"}],"wp:featuredmedia":[{"embeddable":true,"href":"https:\/\/urbanartlablleida.com\/ca\/wp-json\/wp\/v2\/media\/867"}],"wp:attachment":[{"href":"https:\/\/urbanartlablleida.com\/ca\/wp-json\/wp\/v2\/media?parent=962"}],"curies":[{"name":"wp","href":"https:\/\/api.w.org\/{rel}","templated":true}]}}