{"id":904,"date":"2025-08-27T16:19:17","date_gmt":"2025-08-27T14:19:17","guid":{"rendered":"https:\/\/urbanartlablleida.com\/gracies-per-la-teva-subscripcio\/"},"modified":"2025-09-25T21:18:32","modified_gmt":"2025-09-25T19:18:32","slug":"gracies-per-la-teva-subscripcio","status":"publish","type":"page","link":"https:\/\/urbanartlablleida.com\/ca\/gracies-per-la-teva-subscripcio\/","title":{"rendered":"Gr\u00e0cies per la teva subscripci\u00f3."},"content":{"rendered":"<div class=\"wpb-content-wrapper\"><p>[vc_row css_animation=&#8221;&#8221; row_type=&#8221;row&#8221; use_row_as_full_screen_section=&#8221;no&#8221; type=&#8221;full_width&#8221; angled_section=&#8221;no&#8221; text_align=&#8221;center&#8221; background_image_as_pattern=&#8221;without_pattern&#8221; z_index=&#8221;&#8221; side_padding=&#8221;5&#8243;][vc_column][vc_empty_space][vc_column_text]<\/p>\n<h1 style=\"text-align: center;\">T&#8217;has subscrit a Urban Art Lab<\/h1>\n<p>[\/vc_column_text][vc_empty_space height=&#8221;50px&#8221;][vc_column_text][mailpoet_page][\/vc_column_text][vc_empty_space][\/vc_column][\/vc_row]<\/p>\n<\/div>","protected":false},"excerpt":{"rendered":"<p>[vc_row css_animation=&#8221;&#8221; row_type=&#8221;row&#8221; use_row_as_full_screen_section=&#8221;no&#8221; type=&#8221;full_width&#8221; angled_section=&#8221;no&#8221; text_align=&#8221;center&#8221; background_image_as_pattern=&#8221;without_pattern&#8221; z_index=&#8221;&#8221; side_padding=&#8221;5&#8243;][vc_column][vc_empty_space][vc_column_text] T&#8217;has subscrit a Urban Art Lab [\/vc_column_text][vc_empty_space height=&#8221;50px&#8221;][vc_column_text][mailpoet_page][\/vc_column_text][vc_empty_space][\/vc_column][\/vc_row]<\/p>\n","protected":false},"author":1,"featured_media":0,"parent":0,"menu_order":0,"comment_status":"closed","ping_status":"closed","template":"","meta":{"footnotes":""},"class_list":["post-904","page","type-page","status-publish","hentry"],"yoast_head":"<!-- This site is optimized with the Yoast SEO plugin v27.5 - https:\/\/yoast.com\/product\/yoast-seo-wordpress\/ -->\n<title>Gr\u00e0cies per la teva subscripci\u00f3. - Urban Art Lab Lleida<\/title>\n<meta name=\"robots\" content=\"index, follow, max-snippet:-1, max-image-preview:large, max-video-preview:-1\" \/>\n<link rel=\"canonical\" href=\"https:\/\/urbanartlablleida.com\/ca\/gracies-per-la-teva-subscripcio\/\" \/>\n<meta property=\"og:locale\" content=\"ca_ES\" \/>\n<meta property=\"og:type\" content=\"article\" \/>\n<meta property=\"og:title\" content=\"Gr\u00e0cies per la teva subscripci\u00f3. - Urban Art Lab Lleida\" \/>\n<meta property=\"og:description\" content=\"[vc_row css_animation=&#8221;&#8221; row_type=&#8221;row&#8221; use_row_as_full_screen_section=&#8221;no&#8221; type=&#8221;full_width&#8221; angled_section=&#8221;no&#8221; text_align=&#8221;center&#8221; background_image_as_pattern=&#8221;without_pattern&#8221; z_index=&#8221;&#8221; side_padding=&#8221;5&#8243;][vc_column][vc_empty_space][vc_column_text] T&#8217;has subscrit a Urban Art Lab [\/vc_column_text][vc_empty_space height=&#8221;50px&#8221;][vc_column_text][mailpoet_page][\/vc_column_text][vc_empty_space][\/vc_column][\/vc_row]\" \/>\n<meta property=\"og:url\" content=\"https:\/\/urbanartlablleida.com\/ca\/gracies-per-la-teva-subscripcio\/\" \/>\n<meta property=\"og:site_name\" content=\"Urban Art Lab Lleida\" \/>\n<meta property=\"article:modified_time\" content=\"2025-09-25T19:18:32+00:00\" \/>\n<meta name=\"twitter:card\" content=\"summary_large_image\" \/>\n<script type=\"application\/ld+json\" class=\"yoast-schema-graph\">{\"@context\":\"https:\\\/\\\/schema.org\",\"@graph\":[{\"@type\":\"WebPage\",\"@id\":\"https:\\\/\\\/urbanartlablleida.com\\\/ca\\\/gracies-per-la-teva-subscripcio\\\/\",\"url\":\"https:\\\/\\\/urbanartlablleida.com\\\/ca\\\/gracies-per-la-teva-subscripcio\\\/\",\"name\":\"Gr\u00e0cies per la teva subscripci\u00f3. - Urban Art Lab Lleida\",\"isPartOf\":{\"@id\":\"https:\\\/\\\/urbanartlablleida.com\\\/ca\\\/#website\"},\"datePublished\":\"2025-08-27T14:19:17+00:00\",\"dateModified\":\"2025-09-25T19:18:32+00:00\",\"breadcrumb\":{\"@id\":\"https:\\\/\\\/urbanartlablleida.com\\\/ca\\\/gracies-per-la-teva-subscripcio\\\/#breadcrumb\"},\"inLanguage\":\"ca\",\"potentialAction\":[{\"@type\":\"ReadAction\",\"target\":[\"https:\\\/\\\/urbanartlablleida.com\\\/ca\\\/gracies-per-la-teva-subscripcio\\\/\"]}]},{\"@type\":\"BreadcrumbList\",\"@id\":\"https:\\\/\\\/urbanartlablleida.com\\\/ca\\\/gracies-per-la-teva-subscripcio\\\/#breadcrumb\",\"itemListElement\":[{\"@type\":\"ListItem\",\"position\":1,\"name\":\"Portada\",\"item\":\"https:\\\/\\\/urbanartlablleida.com\\\/ca\\\/barberia-beauty-box-i-tatuatges\\\/\"},{\"@type\":\"ListItem\",\"position\":2,\"name\":\"Gr\u00e0cies per la teva subscripci\u00f3.\"}]},{\"@type\":\"WebSite\",\"@id\":\"https:\\\/\\\/urbanartlablleida.com\\\/ca\\\/#website\",\"url\":\"https:\\\/\\\/urbanartlablleida.com\\\/ca\\\/\",\"name\":\"Urban Art Lab Lleida\",\"description\":\"Urban Art Lab \u00e9s Barber\u00eda, Beauty Box y Tatuajes en L\u00e9rida. Estilo, cuidado y arte en un solo lugar.\",\"potentialAction\":[{\"@type\":\"SearchAction\",\"target\":{\"@type\":\"EntryPoint\",\"urlTemplate\":\"https:\\\/\\\/urbanartlablleida.com\\\/ca\\\/?s={search_term_string}\"},\"query-input\":{\"@type\":\"PropertyValueSpecification\",\"valueRequired\":true,\"valueName\":\"search_term_string\"}}],\"inLanguage\":\"ca\"}]}<\/script>\n<!-- \/ Yoast SEO plugin. -->","yoast_head_json":{"title":"Gr\u00e0cies per la teva subscripci\u00f3. - Urban Art Lab Lleida","robots":{"index":"index","follow":"follow","max-snippet":"max-snippet:-1","max-image-preview":"max-image-preview:large","max-video-preview":"max-video-preview:-1"},"canonical":"https:\/\/urbanartlablleida.com\/ca\/gracies-per-la-teva-subscripcio\/","og_locale":"ca_ES","og_type":"article","og_title":"Gr\u00e0cies per la teva subscripci\u00f3. - Urban Art Lab Lleida","og_description":"[vc_row css_animation=&#8221;&#8221; row_type=&#8221;row&#8221; use_row_as_full_screen_section=&#8221;no&#8221; type=&#8221;full_width&#8221; angled_section=&#8221;no&#8221; text_align=&#8221;center&#8221; background_image_as_pattern=&#8221;without_pattern&#8221; z_index=&#8221;&#8221; side_padding=&#8221;5&#8243;][vc_column][vc_empty_space][vc_column_text] T&#8217;has subscrit a Urban Art Lab [\/vc_column_text][vc_empty_space height=&#8221;50px&#8221;][vc_column_text][mailpoet_page][\/vc_column_text][vc_empty_space][\/vc_column][\/vc_row]","og_url":"https:\/\/urbanartlablleida.com\/ca\/gracies-per-la-teva-subscripcio\/","og_site_name":"Urban Art Lab Lleida","article_modified_time":"2025-09-25T19:18:32+00:00","twitter_card":"summary_large_image","schema":{"@context":"https:\/\/schema.org","@graph":[{"@type":"WebPage","@id":"https:\/\/urbanartlablleida.com\/ca\/gracies-per-la-teva-subscripcio\/","url":"https:\/\/urbanartlablleida.com\/ca\/gracies-per-la-teva-subscripcio\/","name":"Gr\u00e0cies per la teva subscripci\u00f3. - Urban Art Lab Lleida","isPartOf":{"@id":"https:\/\/urbanartlablleida.com\/ca\/#website"},"datePublished":"2025-08-27T14:19:17+00:00","dateModified":"2025-09-25T19:18:32+00:00","breadcrumb":{"@id":"https:\/\/urbanartlablleida.com\/ca\/gracies-per-la-teva-subscripcio\/#breadcrumb"},"inLanguage":"ca","potentialAction":[{"@type":"ReadAction","target":["https:\/\/urbanartlablleida.com\/ca\/gracies-per-la-teva-subscripcio\/"]}]},{"@type":"BreadcrumbList","@id":"https:\/\/urbanartlablleida.com\/ca\/gracies-per-la-teva-subscripcio\/#breadcrumb","itemListElement":[{"@type":"ListItem","position":1,"name":"Portada","item":"https:\/\/urbanartlablleida.com\/ca\/barberia-beauty-box-i-tatuatges\/"},{"@type":"ListItem","position":2,"name":"Gr\u00e0cies per la teva subscripci\u00f3."}]},{"@type":"WebSite","@id":"https:\/\/urbanartlablleida.com\/ca\/#website","url":"https:\/\/urbanartlablleida.com\/ca\/","name":"Urban Art Lab Lleida","description":"Urban Art Lab \u00e9s Barber\u00eda, Beauty Box y Tatuajes en L\u00e9rida. Estilo, cuidado y arte en un solo lugar.","potentialAction":[{"@type":"SearchAction","target":{"@type":"EntryPoint","urlTemplate":"https:\/\/urbanartlablleida.com\/ca\/?s={search_term_string}"},"query-input":{"@type":"PropertyValueSpecification","valueRequired":true,"valueName":"search_term_string"}}],"inLanguage":"ca"}]}},"_links":{"self":[{"href":"https:\/\/urbanartlablleida.com\/ca\/wp-json\/wp\/v2\/pages\/904","targetHints":{"allow":["GET"]}}],"collection":[{"href":"https:\/\/urbanartlablleida.com\/ca\/wp-json\/wp\/v2\/pages"}],"about":[{"href":"https:\/\/urbanartlablleida.com\/ca\/wp-json\/wp\/v2\/types\/page"}],"author":[{"embeddable":true,"href":"https:\/\/urbanartlablleida.com\/ca\/wp-json\/wp\/v2\/users\/1"}],"replies":[{"embeddable":true,"href":"https:\/\/urbanartlablleida.com\/ca\/wp-json\/wp\/v2\/comments?post=904"}],"version-history":[{"count":4,"href":"https:\/\/urbanartlablleida.com\/ca\/wp-json\/wp\/v2\/pages\/904\/revisions"}],"predecessor-version":[{"id":909,"href":"https:\/\/urbanartlablleida.com\/ca\/wp-json\/wp\/v2\/pages\/904\/revisions\/909"}],"wp:attachment":[{"href":"https:\/\/urbanartlablleida.com\/ca\/wp-json\/wp\/v2\/media?parent=904"}],"curies":[{"name":"wp","href":"https:\/\/api.w.org\/{rel}","templated":true}]}}