{"id":898,"date":"2018-05-22T13:38:13","date_gmt":"2018-05-22T11:38:13","guid":{"rendered":"https:\/\/urbanartlablleida.com\/contacte\/"},"modified":"2025-11-21T21:03:45","modified_gmt":"2025-11-21T20:03:45","slug":"contacte","status":"publish","type":"page","link":"https:\/\/urbanartlablleida.com\/ca\/contacte\/","title":{"rendered":"Contacte"},"content":{"rendered":"<div class=\"wpb-content-wrapper\"><p>[vc_row css_animation=&#8221;&#8221; row_type=&#8221;row&#8221; use_row_as_full_screen_section=&#8221;no&#8221; type=&#8221;grid&#8221; angled_section=&#8221;no&#8221; text_align=&#8221;center&#8221; background_image_as_pattern=&#8221;without_pattern&#8221; z_index=&#8221;&#8221; css=&#8221;.vc_custom_1757143491022{padding-top: 100px !important;padding-bottom: 100px !important;background-color: #CF9977 !important;}&#8221;][vc_column][vc_column_text css=&#8221;&#8221;]<\/p>\n<h1><span style=\"color: #ffffff;\">Contacta amb nosaltres<\/span><\/h1>\n<p>[\/vc_column_text][vc_empty_space height=&#8221;4px&#8221;][vc_column_text css=&#8221;&#8221;]<\/p>\n<h3><span style=\"color: #ffffff;\">Tel. 672802427 &#8212; Tel. 684413313 <\/span><\/h3>\n<p>[\/vc_column_text][vc_separator type=&#8221;small&#8221; position=&#8221;center&#8221; color=&#8221;#84533B&#8221; thickness=&#8221;9&#8243; width=&#8221;80&#8243; up=&#8221;19&#8243;][\/vc_column][\/vc_row][vc_row css_animation=&#8221;element_from_left&#8221; row_type=&#8221;row&#8221; use_row_as_full_screen_section=&#8221;no&#8221; type=&#8221;grid&#8221; angled_section=&#8221;no&#8221; text_align=&#8221;center&#8221; background_image_as_pattern=&#8221;without_pattern&#8221; z_index=&#8221;&#8221;][vc_column width=&#8221;1\/2&#8243;][vc_empty_space][vc_column_text css=&#8221;&#8221;]<\/p>\n<h2>Localitzaci\u00f3<\/h2>\n<p>[\/vc_column_text][vc_empty_space][vc_goo_maps location=&#8221;Avinguda Estudi General, 29, 25001, Lleida&#8221; zoom=&#8221;14&#8243; css_animation=&#8221;bounceIn&#8221; css=&#8221;&#8221;][vc_empty_space height=&#8221;60px&#8221;]<a  itemprop=\"url\" href=\"https:\/\/urbanartlabsl.booksy.com\/\" target=\"_self\" data-hover-background-color=\"#CF9977\" class=\"qbutton  large center enlarge\" style=\"color: #FFFFFF; margin: 2px 1px 1px 2px; background-color:#84533B;\">DEMANAR CITA<i class=\"qode_icon_font_awesome fa fa-calendar-o qode_button_icon_element\" style=\"color: #FFFFFF\"><\/i><\/a>[vc_empty_space][\/vc_column][vc_column width=&#8221;1\/2&#8243;]\n<div class=\"wpcf7 no-js\" id=\"wpcf7-f845-o1\" lang=\"ca\" dir=\"ltr\" data-wpcf7-id=\"845\">\n<div class=\"screen-reader-response\"><p role=\"status\" aria-live=\"polite\" aria-atomic=\"true\"><\/p> <ul><\/ul><\/div>\n<form action=\"\/ca\/wp-json\/wp\/v2\/pages\/898#wpcf7-f845-o1\" method=\"post\" class=\"wpcf7-form init cf7_custom_style_3\" aria-label=\"Formulari de contacte\" novalidate=\"novalidate\" data-status=\"init\">\n<fieldset class=\"hidden-fields-container\"><input type=\"hidden\" name=\"_wpcf7\" value=\"845\" \/><input type=\"hidden\" name=\"_wpcf7_version\" value=\"6.1.5\" \/><input type=\"hidden\" name=\"_wpcf7_locale\" value=\"ca\" \/><input type=\"hidden\" name=\"_wpcf7_unit_tag\" value=\"wpcf7-f845-o1\" \/><input type=\"hidden\" name=\"_wpcf7_container_post\" value=\"0\" \/><input type=\"hidden\" name=\"_wpcf7_posted_data_hash\" value=\"\" \/><input type=\"hidden\" name=\"_wpcf7_recaptcha_response\" value=\"\" \/>\n<\/fieldset>\n<p><label> El teu nom<br \/>\n<span class=\"wpcf7-form-control-wrap\" data-name=\"your-name\"><input size=\"40\" maxlength=\"400\" class=\"wpcf7-form-control wpcf7-text wpcf7-validates-as-required\" autocomplete=\"name\" aria-required=\"true\" aria-invalid=\"false\" value=\"\" type=\"text\" name=\"your-name\" \/><\/span> <\/label>\n<\/p>\n<p><label> El teu correu electr\u00f2nic<br \/>\n<span class=\"wpcf7-form-control-wrap\" data-name=\"your-email\"><input size=\"40\" maxlength=\"400\" class=\"wpcf7-form-control wpcf7-email wpcf7-validates-as-required wpcf7-text wpcf7-validates-as-email\" autocomplete=\"email\" aria-required=\"true\" aria-invalid=\"false\" value=\"\" type=\"email\" name=\"your-email\" \/><\/span> <\/label>\n<\/p>\n<p><label> El teu missatge (opcional)<br \/>\n<span class=\"wpcf7-form-control-wrap\" data-name=\"your-message\"><textarea cols=\"40\" rows=\"10\" maxlength=\"2000\" class=\"wpcf7-form-control wpcf7-textarea\" aria-invalid=\"false\" name=\"your-message\"><\/textarea><\/span> <\/label>\n<\/p>\n<p><span class=\"wpcf7-form-control-wrap\" data-name=\"acceptance-697\"><span class=\"wpcf7-form-control wpcf7-acceptance\"><span class=\"wpcf7-list-item\"><label><input type=\"checkbox\" name=\"acceptance-697\" value=\"1\" aria-invalid=\"false\" \/><span class=\"wpcf7-list-item-label\">Accepto cedir les meves dades i la <a href=\"https:\/\/urbanartlablleida.com\/politica-privacidad\/\">pol\u00edtica de privacitat<\/a>.<\/span><\/label><\/span><\/span><\/span>\n<\/p>\n<p><input class=\"wpcf7-form-control wpcf7-submit has-spinner\" type=\"submit\" value=\"Envia\" \/>\n<\/p>\n<p>Responsable: Urban Art Lab. Finalitat: respondre la teva sol\u00b7licitud.<br \/>\nDrets: pots accedir, rectificar i suprimir les teves dades a info@urbanartlablleida.com.<br \/>\nM\u00e9s info a la <a href=\"https:\/\/urbanartlablleida.com\/politica-privacidad\/\">pol\u00edtica de privacitat.<\/a>.\n<\/p><div class=\"wpcf7-response-output\" aria-hidden=\"true\"><\/div>\n<\/form>\n<\/div>\n[\/vc_column][\/vc_row]<\/p>\n<\/div>","protected":false},"excerpt":{"rendered":"<p>[vc_row css_animation=&#8221;&#8221; row_type=&#8221;row&#8221; use_row_as_full_screen_section=&#8221;no&#8221; type=&#8221;grid&#8221; angled_section=&#8221;no&#8221; text_align=&#8221;center&#8221; background_image_as_pattern=&#8221;without_pattern&#8221; z_index=&#8221;&#8221; css=&#8221;.vc_custom_1757143491022{padding-top: 100px !important;padding-bottom: 100px !important;background-color: #CF9977 !important;}&#8221;][vc_column][vc_column_text css=&#8221;&#8221;] Contacta amb nosaltres [\/vc_column_text][vc_empty_space height=&#8221;4px&#8221;][vc_column_text css=&#8221;&#8221;] Tel. 672802427 &#8212; Tel. 684413313 [\/vc_column_text][vc_separator type=&#8221;small&#8221; position=&#8221;center&#8221; color=&#8221;#84533B&#8221; thickness=&#8221;9&#8243; width=&#8221;80&#8243; up=&#8221;19&#8243;][\/vc_column][\/vc_row][vc_row css_animation=&#8221;element_from_left&#8221; row_type=&#8221;row&#8221; use_row_as_full_screen_section=&#8221;no&#8221; type=&#8221;grid&#8221; angled_section=&#8221;no&#8221; text_align=&#8221;center&#8221; background_image_as_pattern=&#8221;without_pattern&#8221; z_index=&#8221;&#8221;][vc_column width=&#8221;1\/2&#8243;][vc_empty_space][vc_column_text css=&#8221;&#8221;]&#8230;<\/p>\n","protected":false},"author":1,"featured_media":0,"parent":0,"menu_order":0,"comment_status":"closed","ping_status":"closed","template":"full_width.php","meta":{"footnotes":""},"class_list":["post-898","page","type-page","status-publish","hentry"],"yoast_head":"<!-- This site is optimized with the Yoast SEO plugin v27.4 - https:\/\/yoast.com\/product\/yoast-seo-wordpress\/ -->\n<title>Contacte - Urban Art Lab Lleida<\/title>\n<meta name=\"robots\" content=\"index, follow, max-snippet:-1, max-image-preview:large, max-video-preview:-1\" \/>\n<link rel=\"canonical\" href=\"https:\/\/urbanartlablleida.com\/ca\/contacte\/\" \/>\n<meta property=\"og:locale\" content=\"ca_ES\" \/>\n<meta property=\"og:type\" content=\"article\" \/>\n<meta property=\"og:title\" content=\"Contacte - Urban Art Lab Lleida\" \/>\n<meta property=\"og:description\" content=\"[vc_row css_animation=&#8221;&#8221; row_type=&#8221;row&#8221; use_row_as_full_screen_section=&#8221;no&#8221; type=&#8221;grid&#8221; angled_section=&#8221;no&#8221; text_align=&#8221;center&#8221; background_image_as_pattern=&#8221;without_pattern&#8221; z_index=&#8221;&#8221; css=&#8221;.vc_custom_1757143491022{padding-top: 100px !important;padding-bottom: 100px !important;background-color: #CF9977 !important;}&#8221;][vc_column][vc_column_text css=&#8221;&#8221;] Contacta amb nosaltres [\/vc_column_text][vc_empty_space height=&#8221;4px&#8221;][vc_column_text css=&#8221;&#8221;] Tel. 672802427 &#8212; Tel. 684413313 [\/vc_column_text][vc_separator type=&#8221;small&#8221; position=&#8221;center&#8221; color=&#8221;#84533B&#8221; thickness=&#8221;9&#8243; width=&#8221;80&#8243; up=&#8221;19&#8243;][\/vc_column][\/vc_row][vc_row css_animation=&#8221;element_from_left&#8221; row_type=&#8221;row&#8221; use_row_as_full_screen_section=&#8221;no&#8221; type=&#8221;grid&#8221; angled_section=&#8221;no&#8221; text_align=&#8221;center&#8221; background_image_as_pattern=&#8221;without_pattern&#8221; z_index=&#8221;&#8221;][vc_column width=&#8221;1\/2&#8243;][vc_empty_space][vc_column_text css=&#8221;&#8221;]...\" \/>\n<meta property=\"og:url\" content=\"https:\/\/urbanartlablleida.com\/ca\/contacte\/\" \/>\n<meta property=\"og:site_name\" content=\"Urban Art Lab Lleida\" \/>\n<meta property=\"article:modified_time\" content=\"2025-11-21T20:03:45+00:00\" \/>\n<meta name=\"twitter:card\" content=\"summary_large_image\" \/>\n<meta name=\"twitter:label1\" content=\"Temps estimat de lectura\" \/>\n\t<meta name=\"twitter:data1\" content=\"1 minut\" \/>\n<script type=\"application\/ld+json\" class=\"yoast-schema-graph\">{\"@context\":\"https:\\\/\\\/schema.org\",\"@graph\":[{\"@type\":\"WebPage\",\"@id\":\"https:\\\/\\\/urbanartlablleida.com\\\/ca\\\/contacte\\\/\",\"url\":\"https:\\\/\\\/urbanartlablleida.com\\\/ca\\\/contacte\\\/\",\"name\":\"Contacte - Urban Art Lab Lleida\",\"isPartOf\":{\"@id\":\"https:\\\/\\\/urbanartlablleida.com\\\/ca\\\/#website\"},\"datePublished\":\"2018-05-22T11:38:13+00:00\",\"dateModified\":\"2025-11-21T20:03:45+00:00\",\"breadcrumb\":{\"@id\":\"https:\\\/\\\/urbanartlablleida.com\\\/ca\\\/contacte\\\/#breadcrumb\"},\"inLanguage\":\"ca\",\"potentialAction\":[{\"@type\":\"ReadAction\",\"target\":[\"https:\\\/\\\/urbanartlablleida.com\\\/ca\\\/contacte\\\/\"]}]},{\"@type\":\"BreadcrumbList\",\"@id\":\"https:\\\/\\\/urbanartlablleida.com\\\/ca\\\/contacte\\\/#breadcrumb\",\"itemListElement\":[{\"@type\":\"ListItem\",\"position\":1,\"name\":\"Portada\",\"item\":\"https:\\\/\\\/urbanartlablleida.com\\\/ca\\\/barberia-beauty-box-i-tatuatges\\\/\"},{\"@type\":\"ListItem\",\"position\":2,\"name\":\"Contacte\"}]},{\"@type\":\"WebSite\",\"@id\":\"https:\\\/\\\/urbanartlablleida.com\\\/ca\\\/#website\",\"url\":\"https:\\\/\\\/urbanartlablleida.com\\\/ca\\\/\",\"name\":\"Urban Art Lab Lleida\",\"description\":\"Urban Art Lab \u00e9s Barber\u00eda, Beauty Box y Tatuajes en L\u00e9rida. Estilo, cuidado y arte en un solo lugar.\",\"potentialAction\":[{\"@type\":\"SearchAction\",\"target\":{\"@type\":\"EntryPoint\",\"urlTemplate\":\"https:\\\/\\\/urbanartlablleida.com\\\/ca\\\/?s={search_term_string}\"},\"query-input\":{\"@type\":\"PropertyValueSpecification\",\"valueRequired\":true,\"valueName\":\"search_term_string\"}}],\"inLanguage\":\"ca\"}]}<\/script>\n<!-- \/ Yoast SEO plugin. -->","yoast_head_json":{"title":"Contacte - Urban Art Lab Lleida","robots":{"index":"index","follow":"follow","max-snippet":"max-snippet:-1","max-image-preview":"max-image-preview:large","max-video-preview":"max-video-preview:-1"},"canonical":"https:\/\/urbanartlablleida.com\/ca\/contacte\/","og_locale":"ca_ES","og_type":"article","og_title":"Contacte - Urban Art Lab Lleida","og_description":"[vc_row css_animation=&#8221;&#8221; row_type=&#8221;row&#8221; use_row_as_full_screen_section=&#8221;no&#8221; type=&#8221;grid&#8221; angled_section=&#8221;no&#8221; text_align=&#8221;center&#8221; background_image_as_pattern=&#8221;without_pattern&#8221; z_index=&#8221;&#8221; css=&#8221;.vc_custom_1757143491022{padding-top: 100px !important;padding-bottom: 100px !important;background-color: #CF9977 !important;}&#8221;][vc_column][vc_column_text css=&#8221;&#8221;] Contacta amb nosaltres [\/vc_column_text][vc_empty_space height=&#8221;4px&#8221;][vc_column_text css=&#8221;&#8221;] Tel. 672802427 &#8212; Tel. 684413313 [\/vc_column_text][vc_separator type=&#8221;small&#8221; position=&#8221;center&#8221; color=&#8221;#84533B&#8221; thickness=&#8221;9&#8243; width=&#8221;80&#8243; up=&#8221;19&#8243;][\/vc_column][\/vc_row][vc_row css_animation=&#8221;element_from_left&#8221; row_type=&#8221;row&#8221; use_row_as_full_screen_section=&#8221;no&#8221; type=&#8221;grid&#8221; angled_section=&#8221;no&#8221; text_align=&#8221;center&#8221; background_image_as_pattern=&#8221;without_pattern&#8221; z_index=&#8221;&#8221;][vc_column width=&#8221;1\/2&#8243;][vc_empty_space][vc_column_text css=&#8221;&#8221;]...","og_url":"https:\/\/urbanartlablleida.com\/ca\/contacte\/","og_site_name":"Urban Art Lab Lleida","article_modified_time":"2025-11-21T20:03:45+00:00","twitter_card":"summary_large_image","twitter_misc":{"Temps estimat de lectura":"1 minut"},"schema":{"@context":"https:\/\/schema.org","@graph":[{"@type":"WebPage","@id":"https:\/\/urbanartlablleida.com\/ca\/contacte\/","url":"https:\/\/urbanartlablleida.com\/ca\/contacte\/","name":"Contacte - Urban Art Lab Lleida","isPartOf":{"@id":"https:\/\/urbanartlablleida.com\/ca\/#website"},"datePublished":"2018-05-22T11:38:13+00:00","dateModified":"2025-11-21T20:03:45+00:00","breadcrumb":{"@id":"https:\/\/urbanartlablleida.com\/ca\/contacte\/#breadcrumb"},"inLanguage":"ca","potentialAction":[{"@type":"ReadAction","target":["https:\/\/urbanartlablleida.com\/ca\/contacte\/"]}]},{"@type":"BreadcrumbList","@id":"https:\/\/urbanartlablleida.com\/ca\/contacte\/#breadcrumb","itemListElement":[{"@type":"ListItem","position":1,"name":"Portada","item":"https:\/\/urbanartlablleida.com\/ca\/barberia-beauty-box-i-tatuatges\/"},{"@type":"ListItem","position":2,"name":"Contacte"}]},{"@type":"WebSite","@id":"https:\/\/urbanartlablleida.com\/ca\/#website","url":"https:\/\/urbanartlablleida.com\/ca\/","name":"Urban Art Lab Lleida","description":"Urban Art Lab \u00e9s Barber\u00eda, Beauty Box y Tatuajes en L\u00e9rida. Estilo, cuidado y arte en un solo lugar.","potentialAction":[{"@type":"SearchAction","target":{"@type":"EntryPoint","urlTemplate":"https:\/\/urbanartlablleida.com\/ca\/?s={search_term_string}"},"query-input":{"@type":"PropertyValueSpecification","valueRequired":true,"valueName":"search_term_string"}}],"inLanguage":"ca"}]}},"_links":{"self":[{"href":"https:\/\/urbanartlablleida.com\/ca\/wp-json\/wp\/v2\/pages\/898","targetHints":{"allow":["GET"]}}],"collection":[{"href":"https:\/\/urbanartlablleida.com\/ca\/wp-json\/wp\/v2\/pages"}],"about":[{"href":"https:\/\/urbanartlablleida.com\/ca\/wp-json\/wp\/v2\/types\/page"}],"author":[{"embeddable":true,"href":"https:\/\/urbanartlablleida.com\/ca\/wp-json\/wp\/v2\/users\/1"}],"replies":[{"embeddable":true,"href":"https:\/\/urbanartlablleida.com\/ca\/wp-json\/wp\/v2\/comments?post=898"}],"version-history":[{"count":3,"href":"https:\/\/urbanartlablleida.com\/ca\/wp-json\/wp\/v2\/pages\/898\/revisions"}],"predecessor-version":[{"id":1259,"href":"https:\/\/urbanartlablleida.com\/ca\/wp-json\/wp\/v2\/pages\/898\/revisions\/1259"}],"wp:attachment":[{"href":"https:\/\/urbanartlablleida.com\/ca\/wp-json\/wp\/v2\/media?parent=898"}],"curies":[{"name":"wp","href":"https:\/\/api.w.org\/{rel}","templated":true}]}}