{"id":868,"date":"2018-05-16T13:33:53","date_gmt":"2018-05-16T11:33:53","guid":{"rendered":"https:\/\/urbanartlablleida.com\/barberia-beauty-box-i-tatuatges\/"},"modified":"2025-11-19T20:59:44","modified_gmt":"2025-11-19T19:59:44","slug":"barberia-beauty-box-i-tatuatges","status":"publish","type":"page","link":"https:\/\/urbanartlablleida.com\/ca\/","title":{"rendered":"Barberia Beauty box i Tatuatges"},"content":{"rendered":"<div class=\"wpb-content-wrapper\"><p>[vc_row row_type=&#8221;parallax&#8221; parallax_content_width=&#8221;in_grid&#8221; text_align=&#8221;center&#8221; full_screen_section_height=&#8221;no&#8221; css=&#8221;.vc_custom_1757356303653{background-color: #000000 !important;}&#8221;][vc_column css=&#8221;.vc_custom_1757356312883{background-color: #000000 !important;}&#8221;][vc_empty_space height=&#8221;80px&#8221;][vc_column_text css=&#8221;&#8221;]<\/p>\n<h1 style=\"text-align: center;\"><span style=\"color: #ffffff;\"><strong>Barberia, Beauty Box i Tatuatges a Lleida<\/strong><\/span><\/h1>\n<p>&nbsp;<\/p>\n<h2 style=\"text-align: center;\"><span style=\"color: #ffffff;\"><strong>Estil, cura i art en un sol lloc.<\/strong><\/span><\/h2>\n<p>[\/vc_column_text][vc_empty_space height=&#8221;40px&#8221;]<a  itemprop=\"url\" href=\"https:\/\/urbanartlabsl.booksy.com\/\" target=\"_self\"  class=\"qbutton  large default\" style=\"\">DEMANAR CITA<i class=\"qode_icon_font_awesome fa fa-calendar qode_button_icon_element\"><\/i><\/a>[vc_empty_space height=&#8221;80px&#8221;][\/vc_column][\/vc_row][vc_row css_animation=&#8221;&#8221; row_type=&#8221;row&#8221; use_row_as_full_screen_section=&#8221;no&#8221; type=&#8221;full_width&#8221; angled_section=&#8221;no&#8221; text_align=&#8221;center&#8221; background_image_as_pattern=&#8221;without_pattern&#8221; z_index=&#8221;&#8221;][vc_column][qode_elements_holder number_of_columns=&#8221;two_columns&#8221;][qode_elements_holder_item cover=&#8221;yes&#8221; advanced_animations=&#8221;no&#8221; background_image=&#8221;54&#8243; item_padding_480=&#8221;150px 0px&#8221; item_padding_480_600=&#8221;150px 0px&#8221; item_padding_600_768=&#8221;290px 0px&#8221;][vc_single_image image=&#8221;865&#8243; img_size=&#8221;full&#8221; alignment=&#8221;center&#8221; css=&#8221;&#8221; qode_css_animation=&#8221;&#8221;][\/qode_elements_holder_item][qode_elements_holder_item horizontal_alignment=&#8221;center&#8221; advanced_animations=&#8221;no&#8221; item_padding=&#8221;150px 165px 150px 150px&#8221; item_padding_1280_1440=&#8221;120px 40px 100px 65px&#8221; item_padding_1024_1280=&#8221;120px 40px 100px 60px&#8221; item_padding_768_1024=&#8221;60px 30px 60px 40px&#8221; item_padding_600_768=&#8221;130px 140px 130px 100px&#8221; item_padding_480_600=&#8221;80px 30px 70px&#8221; item_padding_480=&#8221;80px 30px 70px&#8221;][vc_column_text css=&#8221;&#8221;][\/vc_column_text][vc_empty_space height=&#8221;4px&#8221;][vc_column_text css=&#8221;&#8221;]<\/p>\n<h2 style=\"text-align: center;\"><strong><span style=\"color: #84533b;\">BARBER BOX<\/span><\/strong><\/h2>\n<p>[\/vc_column_text][vc_separator css_animation=&#8221;fadeInUp&#8221; type=&#8221;small&#8221; position=&#8221;center&#8221; color=&#8221;#CF9977&#8243; thickness=&#8221;9&#8243; width=&#8221;80&#8243; up=&#8221;19&#8243; down=&#8221;50&#8243;]<div class=\"q_icon_list\"><i class=\"qodef-icon-dripicons dripicon dripicons-checkmark qode-ili-icon-holder transparent\" style=\"font-size: 14px;color: #000000;\" ><\/i><p style=\"color:#84533B;font-size: 36px;font-weight: 600;\">Barba Premium<\/p><\/div><div class=\"q_icon_list\"><i class=\"qodef-icon-dripicons dripicon dripicons-checkmark qode-ili-icon-holder transparent\" style=\"font-size: 14px;color: #000000;\" ><\/i><p style=\"color:#84533B;font-size: 36px;font-weight: 600;\">Tall de Cabell Premium<\/p><\/div><div class=\"q_icon_list\"><i class=\"qodef-icon-dripicons dripicon dripicons-checkmark qode-ili-icon-holder transparent\" style=\"font-size: 14px;color: #000000;\" ><\/i><p style=\"color:#84533B;font-size: 36px;font-weight: 600;\">Rapar i Perfilar Barba<\/p><\/div><div class=\"q_icon_list\"><p style=\"color:#84533B;font-size: 36px;font-weight: 500;\">I molt m\u00e9s...<\/p><\/div>[vc_empty_space height=&#8221;15px&#8221;]<a  itemprop=\"url\" href=\"https:\/\/urbanartlabsl.booksy.com\/\" target=\"_self\" data-hover-background-color=\"#84533B\" class=\"qbutton  center default\" style=\"color: #000000; border-color: #FFFFFF; margin: 2px 1px 1px 2px; border-radius: 3px;-moz-border-radius: 3px;-webkit-border-radius: 3px; background-color:#FFFFFF;\">DEMANAR CITA<\/a>[\/qode_elements_holder_item][\/qode_elements_holder][vc_row_inner row_type=&#8221;row&#8221; type=&#8221;grid&#8221; text_align=&#8221;center&#8221; css_animation=&#8221;&#8221; padding_top=&#8221;12&#8243;][vc_column_inner][vc_column_text css=&#8221;&#8221;]<\/p>\n<div class=\"horari-cards\">\n<div class=\"horari-card\">\n<h3>Diumenge<\/h3>\n<p>Descans Setmanal<\/p>\n<\/div>\n<div class=\"horari-card\">\n<h3>Dilluns a Divendres<\/h3>\n<p>10:00 &#8211; 13:30<\/p>\n<p>16:00 &#8211; 20:30<\/p>\n<\/div>\n<div class=\"horari-card\">\n<h3>Dissabte<\/h3>\n<p>08:30 &#8211; 16:30<\/p>\n<\/div>\n<\/div>\n<p>[\/vc_column_text][\/vc_column_inner][\/vc_row_inner][vc_empty_space height=&#8221;35px&#8221;][\/vc_column][\/vc_row][vc_row css_animation=&#8221;&#8221; row_type=&#8221;row&#8221; use_row_as_full_screen_section=&#8221;no&#8221; type=&#8221;full_width&#8221; angled_section=&#8221;no&#8221; text_align=&#8221;center&#8221; background_image_as_pattern=&#8221;without_pattern&#8221; z_index=&#8221;&#8221; background_color=&#8221;#FFFFFF&#8221; css=&#8221;.vc_custom_1757368894019{background-color: #FFFFFF !important;}&#8221;][vc_column][qode_elements_holder number_of_columns=&#8221;two_columns&#8221;][qode_elements_holder_item cover=&#8221;yes&#8221; advanced_animations=&#8221;no&#8221; background_image=&#8221;54&#8243; item_padding_600_768=&#8221;290px 0px&#8221;][vc_single_image image=&#8221;866&#8243; img_size=&#8221;full&#8221; alignment=&#8221;center&#8221; css=&#8221;&#8221; qode_css_animation=&#8221;&#8221;][\/qode_elements_holder_item][qode_elements_holder_item advanced_animations=&#8221;no&#8221; item_padding=&#8221;150px 165px 150px 150px&#8221; item_padding_1280_1440=&#8221;120px 40px 100px 65px&#8221; item_padding_1024_1280=&#8221;120px 40px 100px 60px&#8221; item_padding_768_1024=&#8221;60px 30px 60px 40px&#8221; item_padding_600_768=&#8221;130px 140px 130px 100px&#8221; item_padding_480_600=&#8221;80px 30px 70px&#8221; item_padding_480=&#8221;80px 30px 70px&#8221;][vc_column_text css=&#8221;&#8221;][\/vc_column_text][vc_empty_space height=&#8221;4px&#8221;][vc_column_text css=&#8221;&#8221;]<\/p>\n<h2 style=\"text-align: center;\"><strong><span style=\"color: #84533b;\">BEAUTY BOX<\/span><\/strong><\/h2>\n<p>[\/vc_column_text][vc_separator css_animation=&#8221;bounceInLeft&#8221; type=&#8221;small&#8221; position=&#8221;center&#8221; color=&#8221;#CF9977&#8243; thickness=&#8221;9&#8243; width=&#8221;80&#8243; up=&#8221;19&#8243; down=&#8221;50&#8243;]<div class=\"q_icon_list\"><p style=\"color:#84533B;font-size: 36px;font-weight: 600;\">Manicura<\/p><\/div><div class=\"q_icon_list\"><p style=\"color:#84533B;font-size: 36px;font-weight: 600;\">Pedicura<\/p><\/div><div class=\"q_icon_list\"><p style=\"color:#84533B;font-size: 36px;font-weight: 600;\">Lifting de pestanyes<\/p><\/div><div class=\"q_icon_list\"><p style=\"color:#84533B;font-size: 36px;font-weight: 500;\">I molt m\u00e9s...<\/p><\/div>[vc_empty_space height=&#8221;15px&#8221;][vc_column_text css=&#8221;&#8221;]<\/p>\n<p style=\"text-align: center;\"><div class=\"nta_wa_button\" data-id=\"345\" data-info=\"{&quot;name&quot;:&quot;Beauty Box&quot;,&quot;info&quot;:{&quot;number&quot;:&quot;+34684413313&quot;,&quot;title&quot;:&quot;Contactar con Beauty Box&quot;,&quot;predefinedText&quot;:&quot;&quot;,&quot;willBeBackText&quot;:&quot;Volver\\u00e9 en [njwa_time_work]&quot;,&quot;dayOffsText&quot;:&quot;Volver\\u00e9 pronto&quot;,&quot;isAlwaysAvailable&quot;:&quot;ON&quot;,&quot;daysOfWeekWorking&quot;:{&quot;sunday&quot;:{&quot;isWorkingOnDay&quot;:&quot;OFF&quot;,&quot;workHours&quot;:[{&quot;startTime&quot;:&quot;08:00&quot;,&quot;endTime&quot;:&quot;17:30&quot;}]},&quot;monday&quot;:{&quot;isWorkingOnDay&quot;:&quot;OFF&quot;,&quot;workHours&quot;:[{&quot;startTime&quot;:&quot;08:00&quot;,&quot;endTime&quot;:&quot;17:30&quot;}]},&quot;tuesday&quot;:{&quot;isWorkingOnDay&quot;:&quot;OFF&quot;,&quot;workHours&quot;:[{&quot;startTime&quot;:&quot;08:00&quot;,&quot;endTime&quot;:&quot;17:30&quot;}]},&quot;wednesday&quot;:{&quot;isWorkingOnDay&quot;:&quot;OFF&quot;,&quot;workHours&quot;:[{&quot;startTime&quot;:&quot;08:00&quot;,&quot;endTime&quot;:&quot;17:30&quot;}]},&quot;thursday&quot;:{&quot;isWorkingOnDay&quot;:&quot;OFF&quot;,&quot;workHours&quot;:[{&quot;startTime&quot;:&quot;08:00&quot;,&quot;endTime&quot;:&quot;17:30&quot;}]},&quot;friday&quot;:{&quot;isWorkingOnDay&quot;:&quot;OFF&quot;,&quot;workHours&quot;:[{&quot;startTime&quot;:&quot;08:00&quot;,&quot;endTime&quot;:&quot;17:30&quot;}]},&quot;saturday&quot;:{&quot;isWorkingOnDay&quot;:&quot;OFF&quot;,&quot;workHours&quot;:[{&quot;startTime&quot;:&quot;08:00&quot;,&quot;endTime&quot;:&quot;17:30&quot;}]}}},&quot;styles&quot;:{&quot;type&quot;:&quot;round&quot;,&quot;backgroundColor&quot;:&quot;#2DB742&quot;,&quot;textColor&quot;:&quot;#fff&quot;,&quot;label&quot;:&quot;\\u00bfNecesitas ayuda? Chatea con nosotros&quot;,&quot;width&quot;:300,&quot;height&quot;:64},&quot;avatar&quot;:false,&quot;options&quot;:{&quot;display&quot;:{&quot;displayCondition&quot;:&quot;showAllPage&quot;,&quot;includePages&quot;:[],&quot;excludePages&quot;:[],&quot;includePosts&quot;:[],&quot;showOnDesktop&quot;:&quot;ON&quot;,&quot;showOnMobile&quot;:&quot;ON&quot;,&quot;time_symbols&quot;:&quot;h:m&quot;},&quot;styles&quot;:{&quot;title&quot;:&quot;\\u00bfHablamos?&quot;,&quot;responseText&quot;:&quot;El equipo suele responder en unos minutos.&quot;,&quot;description&quot;:&quot;\\u00a1Hola! Haz clic en uno de nuestros miembros de abajo para chatear por &lt;strong&gt;WhatsApp&lt;\\\/strong&gt;&quot;,&quot;backgroundColor&quot;:&quot;#2db742&quot;,&quot;textColor&quot;:&quot;#fff&quot;,&quot;titleSize&quot;:&quot;18&quot;,&quot;accountNameSize&quot;:&quot;14&quot;,&quot;descriptionTextSize&quot;:&quot;12&quot;,&quot;regularTextSize&quot;:&quot;11&quot;,&quot;scrollHeight&quot;:&quot;500&quot;,&quot;isShowScroll&quot;:&quot;OFF&quot;,&quot;isShowResponseText&quot;:&quot;OFF&quot;,&quot;btnLabel&quot;:&quot;\\u00bfNecesitas ayuda? &lt;strong&gt;Chatea con nosotros&lt;\\\/strong&gt;&quot;,&quot;btnLabelWidth&quot;:&quot;156&quot;,&quot;btnPosition&quot;:&quot;right&quot;,&quot;btnLeftDistance&quot;:&quot;30&quot;,&quot;btnRightDistance&quot;:&quot;30&quot;,&quot;btnBottomDistance&quot;:&quot;30&quot;,&quot;isShowBtnLabel&quot;:&quot;ON&quot;,&quot;isShowGDPR&quot;:&quot;OFF&quot;,&quot;gdprContent&quot;:&quot;Acepta primero nuestra &lt;a href=\\&quot;https:\\\/\\\/ninjateam.org\\\/privacy-policy\\\/\\&quot;&gt;pol\\u00edtica de privacidad&lt;\\\/a&gt; para iniciar una conversaci\\u00f3n.&quot;},&quot;analytics&quot;:{&quot;enabledGoogle&quot;:&quot;OFF&quot;,&quot;enabledFacebook&quot;:&quot;OFF&quot;,&quot;enabledGoogleGA4&quot;:&quot;OFF&quot;}},&quot;gdprStatus&quot;:false,&quot;defaultAvatar&quot;:&quot;https:\\\/\\\/urbanartlablleida.com\\\/wp-content\\\/plugins\\\/wp-whatsapp\\\/assets\\\/img\\\/whatsapp_logo.svg&quot;}\"><\/div>\n<p>[\/vc_column_text][\/qode_elements_holder_item][\/qode_elements_holder][vc_row_inner row_type=&#8221;row&#8221; type=&#8221;grid&#8221; text_align=&#8221;center&#8221; css_animation=&#8221;&#8221; padding_top=&#8221;12&#8243; css=&#8221;.vc_custom_1758400957773{background-color: #000000 !important;}&#8221;][vc_column_inner][vc_column_text css=&#8221;&#8221;]<\/p>\n<div class=\"horari-cards\">\n<div class=\"horari-card\">\n<h3>Dilluns a Dimecres<\/h3>\n<p>10:00 &#8211; 14:00<\/p>\n<p>15:30 &#8211; 19:30<\/p>\n<\/div>\n<div class=\"horari-card\">\n<h3>Dijous i Divendres<\/h3>\n<p>10:00 &#8211; 18:00<\/p>\n<\/div>\n<div class=\"horari-card\">\n<h3>Dissabte i Diumenge<\/h3>\n<p>Descans Setmanal<\/p>\n<\/div>\n<\/div>\n<p>[\/vc_column_text][\/vc_column_inner][\/vc_row_inner][\/vc_column][\/vc_row][vc_row css_animation=&#8221;&#8221; row_type=&#8221;row&#8221; use_row_as_full_screen_section=&#8221;no&#8221; type=&#8221;full_width&#8221; angled_section=&#8221;no&#8221; text_align=&#8221;center&#8221; background_image_as_pattern=&#8221;without_pattern&#8221; z_index=&#8221;&#8221;][vc_column][qode_elements_holder number_of_columns=&#8221;two_columns&#8221;][qode_elements_holder_item cover=&#8221;yes&#8221; advanced_animations=&#8221;no&#8221; background_image=&#8221;54&#8243; item_padding_600_768=&#8221;290px 0px&#8221; item_padding_480_600=&#8221;150px 0px&#8221;][vc_single_image image=&#8221;867&#8243; img_size=&#8221;full&#8221; alignment=&#8221;center&#8221; css=&#8221;&#8221; qode_css_animation=&#8221;&#8221;][\/qode_elements_holder_item][qode_elements_holder_item advanced_animations=&#8221;no&#8221; item_padding=&#8221;150px 165px 150px 150px&#8221; item_padding_1280_1440=&#8221;120px 40px 100px 65px&#8221; item_padding_1024_1280=&#8221;120px 40px 100px 60px&#8221; item_padding_768_1024=&#8221;60px 30px 60px 40px&#8221; item_padding_600_768=&#8221;130px 140px 130px 100px&#8221; item_padding_480_600=&#8221;80px 30px 70px&#8221; item_padding_480=&#8221;80px 30px 70px&#8221;][vc_column_text css=&#8221;&#8221;][\/vc_column_text][vc_empty_space height=&#8221;4px&#8221;][vc_column_text css=&#8221;&#8221;]<\/p>\n<h2 style=\"text-align: center;\"><strong><span style=\"color: #84533b;\">TATTOO BOX<\/span><\/strong><\/h2>\n<p>[\/vc_column_text][vc_separator type=&#8221;small&#8221; position=&#8221;center&#8221; color=&#8221;#CF9977&#8243; thickness=&#8221;9&#8243; width=&#8221;80&#8243; up=&#8221;19&#8243; down=&#8221;50&#8243;]<div class=\"q_icon_list\"><i class=\"qodef-icon-dripicons dripicon dripicons-checkmark qode-ili-icon-holder transparent\" style=\"font-size: 14px;color: #000000;\" ><\/i><p style=\"color:#84533B;font-size: 36px;font-weight: 600;\">Tatuatges<\/p><\/div><div class=\"q_icon_list\"><i class=\"qodef-icon-dripicons dripicon dripicons-checkmark qode-ili-icon-holder transparent\" style=\"font-size: 14px;color: #000000;\" ><\/i><p style=\"color:#84533B;font-size: 36px;font-weight: 600;\">Covers de tatuatges antics i arranjaments<\/p><\/div><div class=\"q_icon_list\"><i class=\"qodef-icon-dripicons dripicon dripicons-checkmark qode-ili-icon-holder transparent\" style=\"font-size: 14px;color: #000000;\" ><\/i><p style=\"color:#84533B;font-size: 36px;font-weight: 600;\">Dissenys personalitzats per enc\u00e0rrec<\/p><\/div><div class=\"q_icon_list\"><i class=\"qodef-icon-dripicons dripicon dripicons-checkmark qode-ili-icon-holder transparent\" style=\"font-size: 14px;color: #000000;\" ><\/i><p style=\"color:#84533B;font-size: 36px;font-weight: 500;\">I molt m\u00e9s...<\/p><\/div>[vc_empty_space height=&#8221;15px&#8221;][vc_column_text css=&#8221;&#8221;]<\/p>\n<p style=\"text-align: center;\"><div class=\"nta_wa_button\" data-id=\"403\" data-info=\"{&quot;name&quot;:&quot;Tattoo&quot;,&quot;info&quot;:{&quot;number&quot;:&quot;+34672802427&quot;,&quot;title&quot;:&quot;Contactar con Tatuajes&quot;,&quot;predefinedText&quot;:&quot;&quot;,&quot;willBeBackText&quot;:&quot;Volver\\u00e9 en [njwa_time_work]&quot;,&quot;dayOffsText&quot;:&quot;Volver\\u00e9 pronto&quot;,&quot;isAlwaysAvailable&quot;:&quot;ON&quot;,&quot;daysOfWeekWorking&quot;:{&quot;sunday&quot;:{&quot;isWorkingOnDay&quot;:&quot;OFF&quot;,&quot;workHours&quot;:[{&quot;startTime&quot;:&quot;08:00&quot;,&quot;endTime&quot;:&quot;17:30&quot;}]},&quot;monday&quot;:{&quot;isWorkingOnDay&quot;:&quot;OFF&quot;,&quot;workHours&quot;:[{&quot;startTime&quot;:&quot;08:00&quot;,&quot;endTime&quot;:&quot;17:30&quot;}]},&quot;tuesday&quot;:{&quot;isWorkingOnDay&quot;:&quot;OFF&quot;,&quot;workHours&quot;:[{&quot;startTime&quot;:&quot;08:00&quot;,&quot;endTime&quot;:&quot;17:30&quot;}]},&quot;wednesday&quot;:{&quot;isWorkingOnDay&quot;:&quot;OFF&quot;,&quot;workHours&quot;:[{&quot;startTime&quot;:&quot;08:00&quot;,&quot;endTime&quot;:&quot;17:30&quot;}]},&quot;thursday&quot;:{&quot;isWorkingOnDay&quot;:&quot;OFF&quot;,&quot;workHours&quot;:[{&quot;startTime&quot;:&quot;08:00&quot;,&quot;endTime&quot;:&quot;17:30&quot;}]},&quot;friday&quot;:{&quot;isWorkingOnDay&quot;:&quot;OFF&quot;,&quot;workHours&quot;:[{&quot;startTime&quot;:&quot;08:00&quot;,&quot;endTime&quot;:&quot;17:30&quot;}]},&quot;saturday&quot;:{&quot;isWorkingOnDay&quot;:&quot;OFF&quot;,&quot;workHours&quot;:[{&quot;startTime&quot;:&quot;08:00&quot;,&quot;endTime&quot;:&quot;17:30&quot;}]}}},&quot;styles&quot;:{&quot;type&quot;:&quot;round&quot;,&quot;backgroundColor&quot;:&quot;#2DB742&quot;,&quot;textColor&quot;:&quot;#fff&quot;,&quot;label&quot;:&quot;\\u00bfNecesitas ayuda? Chatea con nosotros&quot;,&quot;width&quot;:300,&quot;height&quot;:64},&quot;avatar&quot;:false,&quot;options&quot;:{&quot;display&quot;:{&quot;displayCondition&quot;:&quot;showAllPage&quot;,&quot;includePages&quot;:[],&quot;excludePages&quot;:[],&quot;includePosts&quot;:[],&quot;showOnDesktop&quot;:&quot;ON&quot;,&quot;showOnMobile&quot;:&quot;ON&quot;,&quot;time_symbols&quot;:&quot;h:m&quot;},&quot;styles&quot;:{&quot;title&quot;:&quot;\\u00bfHablamos?&quot;,&quot;responseText&quot;:&quot;El equipo suele responder en unos minutos.&quot;,&quot;description&quot;:&quot;\\u00a1Hola! Haz clic en uno de nuestros miembros de abajo para chatear por &lt;strong&gt;WhatsApp&lt;\\\/strong&gt;&quot;,&quot;backgroundColor&quot;:&quot;#2db742&quot;,&quot;textColor&quot;:&quot;#fff&quot;,&quot;titleSize&quot;:&quot;18&quot;,&quot;accountNameSize&quot;:&quot;14&quot;,&quot;descriptionTextSize&quot;:&quot;12&quot;,&quot;regularTextSize&quot;:&quot;11&quot;,&quot;scrollHeight&quot;:&quot;500&quot;,&quot;isShowScroll&quot;:&quot;OFF&quot;,&quot;isShowResponseText&quot;:&quot;OFF&quot;,&quot;btnLabel&quot;:&quot;\\u00bfNecesitas ayuda? &lt;strong&gt;Chatea con nosotros&lt;\\\/strong&gt;&quot;,&quot;btnLabelWidth&quot;:&quot;156&quot;,&quot;btnPosition&quot;:&quot;right&quot;,&quot;btnLeftDistance&quot;:&quot;30&quot;,&quot;btnRightDistance&quot;:&quot;30&quot;,&quot;btnBottomDistance&quot;:&quot;30&quot;,&quot;isShowBtnLabel&quot;:&quot;ON&quot;,&quot;isShowGDPR&quot;:&quot;OFF&quot;,&quot;gdprContent&quot;:&quot;Acepta primero nuestra &lt;a href=\\&quot;https:\\\/\\\/ninjateam.org\\\/privacy-policy\\\/\\&quot;&gt;pol\\u00edtica de privacidad&lt;\\\/a&gt; para iniciar una conversaci\\u00f3n.&quot;},&quot;analytics&quot;:{&quot;enabledGoogle&quot;:&quot;OFF&quot;,&quot;enabledFacebook&quot;:&quot;OFF&quot;,&quot;enabledGoogleGA4&quot;:&quot;OFF&quot;}},&quot;gdprStatus&quot;:false,&quot;defaultAvatar&quot;:&quot;https:\\\/\\\/urbanartlablleida.com\\\/wp-content\\\/plugins\\\/wp-whatsapp\\\/assets\\\/img\\\/whatsapp_logo.svg&quot;}\"><\/div>\n<p>[\/vc_column_text][\/qode_elements_holder_item][\/qode_elements_holder][vc_row_inner row_type=&#8221;row&#8221; type=&#8221;grid&#8221; text_align=&#8221;center&#8221; css_animation=&#8221;&#8221; padding_top=&#8221;12&#8243;][vc_column_inner][vc_column_text css=&#8221;&#8221;]<\/p>\n<div class=\"horari-cards\">\n<div class=\"horari-card\">\n<h3>Dilluns i Diumenge<\/h3>\n<p>Descans Setmanal<\/p>\n<\/div>\n<div class=\"horari-card\">\n<h3>Dimarts a Divendres<\/h3>\n<p>10:00 &#8211; 19:30<\/p>\n<\/div>\n<div class=\"horari-card\">\n<h3>Dissabte<\/h3>\n<p>08:30 &#8211; 16:30<\/p>\n<\/div>\n<\/div>\n<p>[\/vc_column_text][vc_empty_space height=&#8221;35px&#8221;][\/vc_column_inner][\/vc_row_inner][\/vc_column][\/vc_row]<\/p>\n<\/div>","protected":false},"excerpt":{"rendered":"<p>[vc_row row_type=&#8221;parallax&#8221; parallax_content_width=&#8221;in_grid&#8221; text_align=&#8221;center&#8221; full_screen_section_height=&#8221;no&#8221; css=&#8221;.vc_custom_1757356303653{background-color: #000000 !important;}&#8221;][vc_column css=&#8221;.vc_custom_1757356312883{background-color: #000000 !important;}&#8221;][vc_empty_space height=&#8221;80px&#8221;][vc_column_text css=&#8221;&#8221;] Barberia, Beauty Box i Tatuatges a Lleida &nbsp; Estil, cura i art en un sol lloc. [\/vc_column_text][vc_empty_space height=&#8221;40px&#8221;][vc_empty_space height=&#8221;80px&#8221;][\/vc_column][\/vc_row][vc_row css_animation=&#8221;&#8221; row_type=&#8221;row&#8221; use_row_as_full_screen_section=&#8221;no&#8221; type=&#8221;full_width&#8221; angled_section=&#8221;no&#8221; text_align=&#8221;center&#8221; background_image_as_pattern=&#8221;without_pattern&#8221; z_index=&#8221;&#8221;][vc_column][qode_elements_holder number_of_columns=&#8221;two_columns&#8221;][qode_elements_holder_item cover=&#8221;yes&#8221; advanced_animations=&#8221;no&#8221; background_image=&#8221;54&#8243; item_padding_480=&#8221;150px&#8230;<\/p>\n","protected":false},"author":1,"featured_media":0,"parent":0,"menu_order":0,"comment_status":"closed","ping_status":"closed","template":"full_width.php","meta":{"footnotes":""},"class_list":["post-868","page","type-page","status-publish","hentry"],"yoast_head":"<!-- This site is optimized with the Yoast SEO plugin v27.3 - https:\/\/yoast.com\/product\/yoast-seo-wordpress\/ -->\n<title>Barberia Beauty box i Tatuatges - Urban Art Lab Lleida<\/title>\n<meta name=\"description\" content=\"Urban Art Lab, \u00e9s una Barberia Beauty Box i Tatuatges a Lleida. Estil, cura i art en un sol lloc.\" \/>\n<meta name=\"robots\" content=\"index, follow, max-snippet:-1, max-image-preview:large, max-video-preview:-1\" \/>\n<link rel=\"canonical\" href=\"https:\/\/urbanartlablleida.com\/ca\/\" \/>\n<meta property=\"og:locale\" content=\"ca_ES\" \/>\n<meta property=\"og:type\" content=\"article\" \/>\n<meta property=\"og:title\" content=\"Barberia Beauty box i Tatuatges - Urban Art Lab Lleida\" \/>\n<meta property=\"og:description\" content=\"Urban Art Lab, \u00e9s una Barberia Beauty Box i Tatuatges a Lleida. Estil, cura i art en un sol lloc.\" \/>\n<meta property=\"og:url\" content=\"https:\/\/urbanartlablleida.com\/ca\/\" \/>\n<meta property=\"og:site_name\" content=\"Urban Art Lab Lleida\" \/>\n<meta property=\"article:modified_time\" content=\"2025-11-19T19:59:44+00:00\" \/>\n<meta name=\"twitter:card\" content=\"summary_large_image\" \/>\n<meta name=\"twitter:label1\" content=\"Temps estimat de lectura\" \/>\n\t<meta name=\"twitter:data1\" content=\"6 minuts\" \/>\n<script type=\"application\/ld+json\" class=\"yoast-schema-graph\">{\"@context\":\"https:\\\/\\\/schema.org\",\"@graph\":[{\"@type\":\"WebPage\",\"@id\":\"https:\\\/\\\/urbanartlablleida.com\\\/ca\\\/\",\"url\":\"https:\\\/\\\/urbanartlablleida.com\\\/ca\\\/\",\"name\":\"Barberia Beauty box i Tatuatges - Urban Art Lab Lleida\",\"isPartOf\":{\"@id\":\"https:\\\/\\\/urbanartlablleida.com\\\/ca\\\/#website\"},\"datePublished\":\"2018-05-16T11:33:53+00:00\",\"dateModified\":\"2025-11-19T19:59:44+00:00\",\"description\":\"Urban Art Lab, \u00e9s una Barberia Beauty Box i Tatuatges a Lleida. Estil, cura i art en un sol lloc.\",\"breadcrumb\":{\"@id\":\"https:\\\/\\\/urbanartlablleida.com\\\/ca\\\/#breadcrumb\"},\"inLanguage\":\"ca\",\"potentialAction\":[{\"@type\":\"ReadAction\",\"target\":[\"https:\\\/\\\/urbanartlablleida.com\\\/ca\\\/\"]}]},{\"@type\":\"BreadcrumbList\",\"@id\":\"https:\\\/\\\/urbanartlablleida.com\\\/ca\\\/#breadcrumb\",\"itemListElement\":[{\"@type\":\"ListItem\",\"position\":1,\"name\":\"Portada\",\"item\":\"https:\\\/\\\/urbanartlablleida.com\\\/ca\\\/barberia-beauty-box-i-tatuatges\\\/\"},{\"@type\":\"ListItem\",\"position\":2,\"name\":\"Barberia Beauty box i Tatuatges\"}]},{\"@type\":\"WebSite\",\"@id\":\"https:\\\/\\\/urbanartlablleida.com\\\/ca\\\/#website\",\"url\":\"https:\\\/\\\/urbanartlablleida.com\\\/ca\\\/\",\"name\":\"Urban Art Lab Lleida\",\"description\":\"Urban Art Lab \u00e9s Barber\u00eda, Beauty Box y Tatuajes en L\u00e9rida. Estilo, cuidado y arte en un solo lugar.\",\"potentialAction\":[{\"@type\":\"SearchAction\",\"target\":{\"@type\":\"EntryPoint\",\"urlTemplate\":\"https:\\\/\\\/urbanartlablleida.com\\\/ca\\\/?s={search_term_string}\"},\"query-input\":{\"@type\":\"PropertyValueSpecification\",\"valueRequired\":true,\"valueName\":\"search_term_string\"}}],\"inLanguage\":\"ca\"}]}<\/script>\n<!-- \/ Yoast SEO plugin. -->","yoast_head_json":{"title":"Barberia Beauty box i Tatuatges - Urban Art Lab Lleida","description":"Urban Art Lab, \u00e9s una Barberia Beauty Box i Tatuatges a Lleida. Estil, cura i art en un sol lloc.","robots":{"index":"index","follow":"follow","max-snippet":"max-snippet:-1","max-image-preview":"max-image-preview:large","max-video-preview":"max-video-preview:-1"},"canonical":"https:\/\/urbanartlablleida.com\/ca\/","og_locale":"ca_ES","og_type":"article","og_title":"Barberia Beauty box i Tatuatges - Urban Art Lab Lleida","og_description":"Urban Art Lab, \u00e9s una Barberia Beauty Box i Tatuatges a Lleida. Estil, cura i art en un sol lloc.","og_url":"https:\/\/urbanartlablleida.com\/ca\/","og_site_name":"Urban Art Lab Lleida","article_modified_time":"2025-11-19T19:59:44+00:00","twitter_card":"summary_large_image","twitter_misc":{"Temps estimat de lectura":"6 minuts"},"schema":{"@context":"https:\/\/schema.org","@graph":[{"@type":"WebPage","@id":"https:\/\/urbanartlablleida.com\/ca\/","url":"https:\/\/urbanartlablleida.com\/ca\/","name":"Barberia Beauty box i Tatuatges - Urban Art Lab Lleida","isPartOf":{"@id":"https:\/\/urbanartlablleida.com\/ca\/#website"},"datePublished":"2018-05-16T11:33:53+00:00","dateModified":"2025-11-19T19:59:44+00:00","description":"Urban Art Lab, \u00e9s una Barberia Beauty Box i Tatuatges a Lleida. Estil, cura i art en un sol lloc.","breadcrumb":{"@id":"https:\/\/urbanartlablleida.com\/ca\/#breadcrumb"},"inLanguage":"ca","potentialAction":[{"@type":"ReadAction","target":["https:\/\/urbanartlablleida.com\/ca\/"]}]},{"@type":"BreadcrumbList","@id":"https:\/\/urbanartlablleida.com\/ca\/#breadcrumb","itemListElement":[{"@type":"ListItem","position":1,"name":"Portada","item":"https:\/\/urbanartlablleida.com\/ca\/barberia-beauty-box-i-tatuatges\/"},{"@type":"ListItem","position":2,"name":"Barberia Beauty box i Tatuatges"}]},{"@type":"WebSite","@id":"https:\/\/urbanartlablleida.com\/ca\/#website","url":"https:\/\/urbanartlablleida.com\/ca\/","name":"Urban Art Lab Lleida","description":"Urban Art Lab \u00e9s Barber\u00eda, Beauty Box y Tatuajes en L\u00e9rida. Estilo, cuidado y arte en un solo lugar.","potentialAction":[{"@type":"SearchAction","target":{"@type":"EntryPoint","urlTemplate":"https:\/\/urbanartlablleida.com\/ca\/?s={search_term_string}"},"query-input":{"@type":"PropertyValueSpecification","valueRequired":true,"valueName":"search_term_string"}}],"inLanguage":"ca"}]}},"_links":{"self":[{"href":"https:\/\/urbanartlablleida.com\/ca\/wp-json\/wp\/v2\/pages\/868","targetHints":{"allow":["GET"]}}],"collection":[{"href":"https:\/\/urbanartlablleida.com\/ca\/wp-json\/wp\/v2\/pages"}],"about":[{"href":"https:\/\/urbanartlablleida.com\/ca\/wp-json\/wp\/v2\/types\/page"}],"author":[{"embeddable":true,"href":"https:\/\/urbanartlablleida.com\/ca\/wp-json\/wp\/v2\/users\/1"}],"replies":[{"embeddable":true,"href":"https:\/\/urbanartlablleida.com\/ca\/wp-json\/wp\/v2\/comments?post=868"}],"version-history":[{"count":5,"href":"https:\/\/urbanartlablleida.com\/ca\/wp-json\/wp\/v2\/pages\/868\/revisions"}],"predecessor-version":[{"id":1255,"href":"https:\/\/urbanartlablleida.com\/ca\/wp-json\/wp\/v2\/pages\/868\/revisions\/1255"}],"wp:attachment":[{"href":"https:\/\/urbanartlablleida.com\/ca\/wp-json\/wp\/v2\/media?parent=868"}],"curies":[{"name":"wp","href":"https:\/\/api.w.org\/{rel}","templated":true}]}}